{"id":11,"date":"2024-12-04T14:37:34","date_gmt":"2024-12-04T13:37:34","guid":{"rendered":"https:\/\/branno-teuta.net\/?page_id=11"},"modified":"2025-04-03T17:45:56","modified_gmt":"2025-04-03T15:45:56","slug":"le-nouveau-e-mucem-ouvre-ses-portes-2","status":"publish","type":"page","link":"https:\/\/branno-teuta.net\/","title":{"rendered":"Bienvenue dans la Branno Teuta"},"content":{"rendered":"\n<div class=\"wp-block-group alignwide\"><div class=\"wp-block-group__inner-container is-layout-flow wp-block-group-is-layout-flow\">\n<h2 class=\"wp-block-heading has-text-align-center\">Association de reconstitution historique de la Gaule lat\u00e9nienne<\/h2>\n<\/div><\/div>\n\n\n\n<div class=\"wp-block-columns alignwide has-background is-layout-flex wp-container-core-columns-is-layout-9d6595d7 wp-block-columns-is-layout-flex\" style=\"background-color:#ffffff99\">\n<div class=\"wp-block-column is-vertically-aligned-center is-layout-flow wp-block-column-is-layout-flow\">\n<p>Nous proposons une reconstitution de la vie des peuples celtes qui ont v\u00e9cu entre le 3\u00e8me et le 1er si\u00e8cle avant notre \u00e8re.<\/p>\n\n\n\n<p>Promenez-vous dans notre camp\u2026 s\u2019appuyant sur les recherches historiques et arch\u00e9ologiques, nous utilisons des objets fabriqu\u00e9s artisanalement, r\u00e9pliques r\u00e9alis\u00e9es \u00e0 partir de documents.<\/p>\n\n\n\n<p>\u2026Et d\u00e9couvrez notre tr\u00e9sor ! Notre sanctuaire garde en son sein une reconstitution de 2 carnyx et 2 casques d\u2019appar\u00e2t, issus des fouilles de Tintignac. C\u2019est un ensemble unique et impressionnant !<\/p>\n<\/div>\n\n\n\n<div class=\"wp-block-column is-vertically-aligned-center is-layout-flow wp-block-column-is-layout-flow\">\n<figure class=\"wp-block-embed aligncenter is-type-video is-provider-youtube wp-block-embed-youtube wp-embed-aspect-16-9 wp-has-aspect-ratio\"><div class=\"wp-block-embed__wrapper\">\n<iframe loading=\"lazy\" title=\"Coup d\u2019\u0153il sur la Branno Teuta !\" width=\"580\" height=\"326\" src=\"https:\/\/www.youtube.com\/embed\/AB6P96ILMoY?feature=oembed\" frameborder=\"0\" allow=\"accelerometer; autoplay; clipboard-write; encrypted-media; gyroscope; picture-in-picture; web-share\" referrerpolicy=\"strict-origin-when-cross-origin\" allowfullscreen><\/iframe>\n<\/div><\/figure>\n<\/div>\n<\/div>\n\n\n\n<div class=\"wp-block-columns alignwide has-background is-layout-flex wp-container-core-columns-is-layout-9d6595d7 wp-block-columns-is-layout-flex\" style=\"background-color:#ffffff99\">\n<div class=\"wp-block-column is-layout-flow wp-block-column-is-layout-flow\" style=\"flex-basis:50%\">\n<figure class=\"wp-block-embed is-type-video is-provider-youtube wp-block-embed-youtube wp-embed-aspect-16-9 wp-has-aspect-ratio\"><div class=\"wp-block-embed__wrapper\">\n<iframe loading=\"lazy\" title=\"20 ans de Branno-Teuta : Merci pour votre soutien !\" width=\"580\" height=\"326\" src=\"https:\/\/www.youtube.com\/embed\/ppT_AjaPwZY?feature=oembed\" frameborder=\"0\" allow=\"accelerometer; autoplay; clipboard-write; encrypted-media; gyroscope; picture-in-picture; web-share\" referrerpolicy=\"strict-origin-when-cross-origin\" allowfullscreen><\/iframe>\n<\/div><\/figure>\n<\/div>\n\n\n\n<div class=\"wp-block-column is-layout-flow wp-block-column-is-layout-flow\" style=\"flex-basis:50%\">\n<p>Des artisans \u00e0 l\u2019\u0153uvre&#8230; qui travaillent devant le public et expliquent leur savoir-faire : poterie, tissage, vannerie, cuir, forge, etc<\/p>\n\n\n\n<p>\u2026Des reconstitutions de combats : d\u00e9couvrez l\u2019\u00e9quipement des c\u00e9l\u00e8bres guerriers gaulois, admirez leur entra\u00eenement et surtout observez le d\u00e9ploiement de leurs techniques martiales en formation ou en duel.<\/p>\n\n\n\n<p>Venez rencontrer les passionn\u00e9s passionnants de la Branno Teuta<\/p>\n<\/div>\n<\/div>\n\n\n\n<figure class=\"wp-block-gallery alignwide has-nested-images columns-default is-cropped wp-block-gallery-1 is-layout-flex wp-block-gallery-is-layout-flex\"><\/figure>\n\n\n\n<p><\/p>\n","protected":false},"excerpt":{"rendered":"<p>Association de reconstitution historique de la Gaule lat\u00e9nienne Nous proposons une reconstitution de la vie des peuples celtes qui ont v\u00e9cu entre le 3\u00e8me et le 1er si\u00e8cle avant notre \u00e8re. Promenez-vous dans notre camp\u2026 s\u2019appuyant sur les recherches historiques et arch\u00e9ologiques, nous utilisons des objets fabriqu\u00e9s artisanalement, r\u00e9pliques r\u00e9alis\u00e9es \u00e0 partir de documents. \u2026Et [&hellip;]<\/p>\n","protected":false},"author":1,"featured_media":6,"parent":0,"menu_order":0,"comment_status":"closed","ping_status":"closed","template":"","meta":{"footnotes":""},"class_list":["post-11","page","type-page","status-publish","has-post-thumbnail","hentry"],"_links":{"self":[{"href":"https:\/\/branno-teuta.net\/index.php\/wp-json\/wp\/v2\/pages\/11","targetHints":{"allow":["GET"]}}],"collection":[{"href":"https:\/\/branno-teuta.net\/index.php\/wp-json\/wp\/v2\/pages"}],"about":[{"href":"https:\/\/branno-teuta.net\/index.php\/wp-json\/wp\/v2\/types\/page"}],"author":[{"embeddable":true,"href":"https:\/\/branno-teuta.net\/index.php\/wp-json\/wp\/v2\/users\/1"}],"replies":[{"embeddable":true,"href":"https:\/\/branno-teuta.net\/index.php\/wp-json\/wp\/v2\/comments?post=11"}],"version-history":[{"count":15,"href":"https:\/\/branno-teuta.net\/index.php\/wp-json\/wp\/v2\/pages\/11\/revisions"}],"predecessor-version":[{"id":349,"href":"https:\/\/branno-teuta.net\/index.php\/wp-json\/wp\/v2\/pages\/11\/revisions\/349"}],"wp:featuredmedia":[{"embeddable":true,"href":"https:\/\/branno-teuta.net\/index.php\/wp-json\/wp\/v2\/media\/6"}],"wp:attachment":[{"href":"https:\/\/branno-teuta.net\/index.php\/wp-json\/wp\/v2\/media?parent=11"}],"curies":[{"name":"wp","href":"https:\/\/api.w.org\/{rel}","templated":true}]}}