{"id":127,"date":"2024-12-27T02:57:49","date_gmt":"2024-12-27T01:57:49","guid":{"rendered":"https:\/\/branno-teuta.net\/?page_id=127"},"modified":"2025-03-06T16:10:07","modified_gmt":"2025-03-06T15:10:07","slug":"faire-ses-vetements","status":"publish","type":"page","link":"https:\/\/branno-teuta.net\/index.php\/ateliers-presentes\/faire-ses-vetements\/","title":{"rendered":"S\u2019habiller \u00e0 la mode gauloise"},"content":{"rendered":"\n<div class=\"wp-block-media-text alignwide has-media-on-the-right is-stacked-on-mobile has-background\" style=\"background-color:#ffffff99\"><div class=\"wp-block-media-text__content\">\n<p><strong>La teinture<\/strong><\/p>\n\n\n\n<p>Les sources de couleurs sont pr\u00e9lev\u00e9es sur les v\u00e9g\u00e9taux et plus rarement animale. Les couleurs vives comme le rouge, orange, jaune, vert, etc sont r\u00e9serv\u00e9s \u00e0 l&#8217;aristocratie. Les couleurs plus ternes comme le beige, ou le marron<br>sont plus destin\u00e9s \u00e0 une couche sociale inf\u00e9rieure ou laborieuse. Un suppose m\u00eame que certains tissus ne subissaient pas de traitement de teinture.<\/p>\n<\/div><figure class=\"wp-block-media-text__media\"><\/figure><\/div>\n\n\n\n<div class=\"wp-block-media-text alignwide is-stacked-on-mobile is-vertically-aligned-center has-background\" style=\"background-color:#ffffff99\"><figure class=\"wp-block-media-text__media\"><img loading=\"lazy\" decoding=\"async\" width=\"664\" height=\"854\" src=\"http:\/\/branno-teuta.net\/wp-content\/uploads\/2024\/12\/exemples_tissus_halstatt.png\" alt=\"\" class=\"wp-image-128 size-full\" srcset=\"https:\/\/branno-teuta.net\/wp-content\/uploads\/2024\/12\/exemples_tissus_halstatt.png 664w, https:\/\/branno-teuta.net\/wp-content\/uploads\/2024\/12\/exemples_tissus_halstatt-233x300.png 233w\" sizes=\"auto, (max-width: 664px) 100vw, 664px\" \/><\/figure><div class=\"wp-block-media-text__content\">\n<p><strong>Le tissage<\/strong><\/p>\n\n\n\n<p>C&#8217;est au tissage que l&#8217;on distingue la plus la classe sociale de la personne. Le m\u00e9tier vertical permet, en effet, de r\u00e9aliser un grand nombre de type de tissage. Les plus commun \u00e0 la protohistoire sont :<br>&#8211; La toile : les fils se croisent \u00e0 90\u00b0<br>&#8211; Le serg\u00e9<br>En combinant les types de tissage et les couleurs de fils teint\u00e9 on peu<br>r\u00e9aliser une infinit\u00e9 de tissus.<\/p>\n\n\n\n<p>\u25c4 Exemples de tissus retrouv\u00e9s dans les mines de sel (Halsatt 1<sup>er<\/sup> age du fer)<\/p>\n<\/div><\/div>\n\n\n\n<div class=\"wp-block-media-text alignwide has-media-on-the-right is-stacked-on-mobile is-vertically-aligned-center has-background\" style=\"background-color:#ffffff99\"><div class=\"wp-block-media-text__content\">\n<p><strong>La couture<\/strong><\/p>\n\n\n\n<p>Les points utilis\u00e9s sont les m\u00eames que nous connaissons aujourd&#8217;hui.<\/p>\n\n\n\n<ol class=\"wp-block-list\">\n<li>Demi-point de croix<\/li>\n\n\n\n<li>Point avant<\/li>\n\n\n\n<li>Point de boutonni\u00e8re<\/li>\n\n\n\n<li>Point arri\u00e8re<\/li>\n\n\n\n<li>Point de cordon<\/li>\n\n\n\n<li>Point de tige<\/li>\n\n\n\n<li>Point de feston<\/li>\n\n\n\n<li>Point de cha\u00eenette<\/li>\n<\/ol>\n<\/div><figure class=\"wp-block-media-text__media\"><img loading=\"lazy\" decoding=\"async\" width=\"1019\" height=\"924\" src=\"http:\/\/branno-teuta.net\/wp-content\/uploads\/2024\/12\/coutures.png\" alt=\"\" class=\"wp-image-129 size-full\" srcset=\"https:\/\/branno-teuta.net\/wp-content\/uploads\/2024\/12\/coutures.png 1019w, https:\/\/branno-teuta.net\/wp-content\/uploads\/2024\/12\/coutures-300x272.png 300w, https:\/\/branno-teuta.net\/wp-content\/uploads\/2024\/12\/coutures-768x696.png 768w\" sizes=\"auto, (max-width: 1019px) 100vw, 1019px\" \/><\/figure><\/div>\n\n\n\n<div class=\"wp-block-media-text alignwide has-media-on-the-right is-stacked-on-mobile is-image-fill-element has-background\" style=\"background-color:#ffffff99\"><div class=\"wp-block-media-text__content\">\n<p><strong>Pour les braies<\/strong><br>Elles peuvent \u00eatre pr\u00e8s du corps, comme les braies Thorsberg (dat\u00e9es \u00e2ge du fer, avec pieds int\u00e9gr\u00e9s , comme un legging. On l&#8217;atteste en Gaule gr\u00e2ce \u00e0 des statuettes dat\u00e9es du 1er av \/1er apr\u00e8s. (Statuette de Cernunos au mus\u00e9e de la Margeride , statuette de Neuvy en Sullias). Les braies sont en tissu losang\u00e9 (serg\u00e9) ou diamant\u00e9. Le chaudron de Gundestrup montre aussi des braies pr\u00e8s du corps.<br>Les braies peuvent aussi \u00eatre bouffante avec une lani\u00e8re serrant le tissu au niveau de la cheville.<\/p>\n\n\n\n<p><strong>Les tuniques<\/strong><br>Les tuniques sont longues, telles que d\u00e9crites par Strabon. Nous avons aussi des statues et statuettes en diff\u00e9rentes mati\u00e8res qui attestent des tuniques longues. Il peut y avoir des manches longues ou courtes, ou pas de manches du tout.<br>Les fentes dont parle Strabon sont \u00e0 rapprocher de la tunique de Thorsberg (2<sup>\u00e8me<\/sup> s. av) dont les flancs ne sont pas cousus, mais ferm\u00e9s avec des lani\u00e8res nou\u00e9es 2 \u00e0 2.<br>La tunique de Thorsberg a une encolure \u00ab bateau \u00bb (ouverture droite), est en lin, en tissage serg\u00e9 losang\u00e9. Comme les tuniques pr\u00e9cit\u00e9es pour les braies (Cernunos et Neuvy en Sullias).<br>L&#8217;encolure pourrait \u00eatre aussi en V, comme on le voit sur les personnages du chaudron de Gundestrup.(encore Cernunos). Vous verrez aussi que le tissu repr\u00e9sent\u00e9 est comme \u00ab c\u00f4tel\u00e9 \u00bb. \u00c7a fait comme des chevrons de serg\u00e9.<\/p>\n<\/div><figure class=\"wp-block-media-text__media\"><img loading=\"lazy\" decoding=\"async\" width=\"549\" height=\"924\" src=\"http:\/\/branno-teuta.net\/wp-content\/uploads\/2024\/12\/aristocrate.png\" alt=\"\" class=\"wp-image-131 size-full\" style=\"object-position:50% 50%\" srcset=\"https:\/\/branno-teuta.net\/wp-content\/uploads\/2024\/12\/aristocrate.png 549w, https:\/\/branno-teuta.net\/wp-content\/uploads\/2024\/12\/aristocrate-178x300.png 178w\" sizes=\"auto, (max-width: 549px) 100vw, 549px\" \/><\/figure><\/div>\n\n\n\n<div class=\"wp-block-media-text alignwide is-stacked-on-mobile has-background\" style=\"background-color:#ffffff99\"><figure class=\"wp-block-media-text__media\"><img loading=\"lazy\" decoding=\"async\" width=\"1024\" height=\"547\" src=\"http:\/\/branno-teuta.net\/wp-content\/uploads\/2024\/12\/brogues-1024x547.png\" alt=\"\" class=\"wp-image-132 size-full\" srcset=\"https:\/\/branno-teuta.net\/wp-content\/uploads\/2024\/12\/brogues-1024x547.png 1024w, https:\/\/branno-teuta.net\/wp-content\/uploads\/2024\/12\/brogues-300x160.png 300w, https:\/\/branno-teuta.net\/wp-content\/uploads\/2024\/12\/brogues-768x410.png 768w, https:\/\/branno-teuta.net\/wp-content\/uploads\/2024\/12\/brogues-1536x820.png 1536w, https:\/\/branno-teuta.net\/wp-content\/uploads\/2024\/12\/brogues-1200x641.png 1200w, https:\/\/branno-teuta.net\/wp-content\/uploads\/2024\/12\/brogues.png 1721w\" sizes=\"auto, (max-width: 1024px) 100vw, 1024px\" \/><\/figure><div class=\"wp-block-media-text__content\">\n<p><strong>Les brogues (chaussures)<\/strong><br>Les seuls mod\u00e8les retrouv\u00e9 dates du IV-V<sup>\u00e8me<\/sup> si\u00e8cle (Hallsatt) et ont \u00e9t\u00e9 majoritairement d\u00e9couverte dans les mines de sel ou des tombes dont la nature du sol \u00e0 permis une conservation du cuir.<br>Les chaussures sont en cuir. On suppose que le sabot ou la semelle bois \u00e0 pu \u00eatre utilis\u00e9, probablement pour des fonctions ou conditions particuli\u00e8re.<\/p>\n<\/div><\/div>\n\n\n\n<h2 class=\"wp-block-heading\">Quelques patrons<\/h2>\n\n\n\n<figure class=\"wp-block-gallery alignwide has-nested-images columns-3 wp-block-gallery-1 is-layout-flex wp-block-gallery-is-layout-flex\">\n<figure data-wp-context=\"{&quot;imageId&quot;:&quot;69d218379007e&quot;}\" data-wp-interactive=\"core\/image\" data-wp-key=\"69d218379007e\" class=\"wp-block-image size-full wp-lightbox-container\"><img loading=\"lazy\" decoding=\"async\" width=\"1364\" height=\"837\" data-wp-class--hide=\"state.isContentHidden\" data-wp-class--show=\"state.isContentVisible\" data-wp-init=\"callbacks.setButtonStyles\" data-wp-on--click=\"actions.showLightbox\" data-wp-on--load=\"callbacks.setButtonStyles\" data-wp-on-window--resize=\"callbacks.setButtonStyles\" data-id=\"135\" src=\"https:\/\/branno-teuta.net\/wp-content\/uploads\/2024\/12\/patron_tunique.png\" alt=\"\" class=\"wp-image-135\" srcset=\"https:\/\/branno-teuta.net\/wp-content\/uploads\/2024\/12\/patron_tunique.png 1364w, https:\/\/branno-teuta.net\/wp-content\/uploads\/2024\/12\/patron_tunique-300x184.png 300w, https:\/\/branno-teuta.net\/wp-content\/uploads\/2024\/12\/patron_tunique-1024x628.png 1024w, https:\/\/branno-teuta.net\/wp-content\/uploads\/2024\/12\/patron_tunique-768x471.png 768w, https:\/\/branno-teuta.net\/wp-content\/uploads\/2024\/12\/patron_tunique-1200x736.png 1200w\" sizes=\"auto, (max-width: 1364px) 100vw, 1364px\" \/><button\n\t\t\tclass=\"lightbox-trigger\"\n\t\t\ttype=\"button\"\n\t\t\taria-haspopup=\"dialog\"\n\t\t\taria-label=\"Enlarge\"\n\t\t\tdata-wp-init=\"callbacks.initTriggerButton\"\n\t\t\tdata-wp-on--click=\"actions.showLightbox\"\n\t\t\tdata-wp-style--right=\"state.imageButtonRight\"\n\t\t\tdata-wp-style--top=\"state.imageButtonTop\"\n\t\t>\n\t\t\t<svg xmlns=\"http:\/\/www.w3.org\/2000\/svg\" width=\"12\" height=\"12\" fill=\"none\" viewBox=\"0 0 12 12\">\n\t\t\t\t<path fill=\"#fff\" d=\"M2 0a2 2 0 0 0-2 2v2h1.5V2a.5.5 0 0 1 .5-.5h2V0H2Zm2 10.5H2a.5.5 0 0 1-.5-.5V8H0v2a2 2 0 0 0 2 2h2v-1.5ZM8 12v-1.5h2a.5.5 0 0 0 .5-.5V8H12v2a2 2 0 0 1-2 2H8Zm2-12a2 2 0 0 1 2 2v2h-1.5V2a.5.5 0 0 0-.5-.5H8V0h2Z\" \/>\n\t\t\t<\/svg>\n\t\t<\/button><\/figure>\n\n\n\n<figure data-wp-context=\"{&quot;imageId&quot;:&quot;69d218379052a&quot;}\" data-wp-interactive=\"core\/image\" data-wp-key=\"69d218379052a\" class=\"wp-block-image size-full wp-lightbox-container\"><img loading=\"lazy\" decoding=\"async\" width=\"917\" height=\"809\" data-wp-class--hide=\"state.isContentHidden\" data-wp-class--show=\"state.isContentVisible\" data-wp-init=\"callbacks.setButtonStyles\" data-wp-on--click=\"actions.showLightbox\" data-wp-on--load=\"callbacks.setButtonStyles\" data-wp-on-window--resize=\"callbacks.setButtonStyles\" data-id=\"133\" src=\"https:\/\/branno-teuta.net\/wp-content\/uploads\/2024\/12\/patron_braies.png\" alt=\"\" class=\"wp-image-133\" srcset=\"https:\/\/branno-teuta.net\/wp-content\/uploads\/2024\/12\/patron_braies.png 917w, https:\/\/branno-teuta.net\/wp-content\/uploads\/2024\/12\/patron_braies-300x265.png 300w, https:\/\/branno-teuta.net\/wp-content\/uploads\/2024\/12\/patron_braies-768x678.png 768w\" sizes=\"auto, (max-width: 917px) 100vw, 917px\" \/><button\n\t\t\tclass=\"lightbox-trigger\"\n\t\t\ttype=\"button\"\n\t\t\taria-haspopup=\"dialog\"\n\t\t\taria-label=\"Enlarge\"\n\t\t\tdata-wp-init=\"callbacks.initTriggerButton\"\n\t\t\tdata-wp-on--click=\"actions.showLightbox\"\n\t\t\tdata-wp-style--right=\"state.imageButtonRight\"\n\t\t\tdata-wp-style--top=\"state.imageButtonTop\"\n\t\t>\n\t\t\t<svg xmlns=\"http:\/\/www.w3.org\/2000\/svg\" width=\"12\" height=\"12\" fill=\"none\" viewBox=\"0 0 12 12\">\n\t\t\t\t<path fill=\"#fff\" d=\"M2 0a2 2 0 0 0-2 2v2h1.5V2a.5.5 0 0 1 .5-.5h2V0H2Zm2 10.5H2a.5.5 0 0 1-.5-.5V8H0v2a2 2 0 0 0 2 2h2v-1.5ZM8 12v-1.5h2a.5.5 0 0 0 .5-.5V8H12v2a2 2 0 0 1-2 2H8Zm2-12a2 2 0 0 1 2 2v2h-1.5V2a.5.5 0 0 0-.5-.5H8V0h2Z\" \/>\n\t\t\t<\/svg>\n\t\t<\/button><\/figure>\n\n\n\n<figure data-wp-context=\"{&quot;imageId&quot;:&quot;69d21837909d6&quot;}\" data-wp-interactive=\"core\/image\" data-wp-key=\"69d21837909d6\" class=\"wp-block-image size-full wp-lightbox-container\"><img loading=\"lazy\" decoding=\"async\" width=\"1721\" height=\"919\" data-wp-class--hide=\"state.isContentHidden\" data-wp-class--show=\"state.isContentVisible\" data-wp-init=\"callbacks.setButtonStyles\" data-wp-on--click=\"actions.showLightbox\" data-wp-on--load=\"callbacks.setButtonStyles\" data-wp-on-window--resize=\"callbacks.setButtonStyles\" data-id=\"132\" src=\"https:\/\/branno-teuta.net\/wp-content\/uploads\/2024\/12\/brogues.png\" alt=\"\" class=\"wp-image-132\" srcset=\"https:\/\/branno-teuta.net\/wp-content\/uploads\/2024\/12\/brogues.png 1721w, https:\/\/branno-teuta.net\/wp-content\/uploads\/2024\/12\/brogues-300x160.png 300w, https:\/\/branno-teuta.net\/wp-content\/uploads\/2024\/12\/brogues-1024x547.png 1024w, https:\/\/branno-teuta.net\/wp-content\/uploads\/2024\/12\/brogues-768x410.png 768w, https:\/\/branno-teuta.net\/wp-content\/uploads\/2024\/12\/brogues-1536x820.png 1536w, https:\/\/branno-teuta.net\/wp-content\/uploads\/2024\/12\/brogues-1200x641.png 1200w\" sizes=\"auto, (max-width: 1721px) 100vw, 1721px\" \/><button\n\t\t\tclass=\"lightbox-trigger\"\n\t\t\ttype=\"button\"\n\t\t\taria-haspopup=\"dialog\"\n\t\t\taria-label=\"Enlarge\"\n\t\t\tdata-wp-init=\"callbacks.initTriggerButton\"\n\t\t\tdata-wp-on--click=\"actions.showLightbox\"\n\t\t\tdata-wp-style--right=\"state.imageButtonRight\"\n\t\t\tdata-wp-style--top=\"state.imageButtonTop\"\n\t\t>\n\t\t\t<svg xmlns=\"http:\/\/www.w3.org\/2000\/svg\" width=\"12\" height=\"12\" fill=\"none\" viewBox=\"0 0 12 12\">\n\t\t\t\t<path fill=\"#fff\" d=\"M2 0a2 2 0 0 0-2 2v2h1.5V2a.5.5 0 0 1 .5-.5h2V0H2Zm2 10.5H2a.5.5 0 0 1-.5-.5V8H0v2a2 2 0 0 0 2 2h2v-1.5ZM8 12v-1.5h2a.5.5 0 0 0 .5-.5V8H12v2a2 2 0 0 1-2 2H8Zm2-12a2 2 0 0 1 2 2v2h-1.5V2a.5.5 0 0 0-.5-.5H8V0h2Z\" \/>\n\t\t\t<\/svg>\n\t\t<\/button><\/figure>\n<\/figure>\n","protected":false},"excerpt":{"rendered":"<p>La teinture Les sources de couleurs sont pr\u00e9lev\u00e9es sur les v\u00e9g\u00e9taux et plus rarement animale. Les couleurs vives comme le rouge, orange, jaune, vert, etc sont r\u00e9serv\u00e9s \u00e0 l&#8217;aristocratie. Les couleurs plus ternes comme le beige, ou le marronsont plus destin\u00e9s \u00e0 une couche sociale inf\u00e9rieure ou laborieuse. Un suppose m\u00eame que certains tissus ne [&hellip;]<\/p>\n","protected":false},"author":2,"featured_media":0,"parent":34,"menu_order":0,"comment_status":"closed","ping_status":"closed","template":"","meta":{"footnotes":""},"class_list":["post-127","page","type-page","status-publish","hentry"],"_links":{"self":[{"href":"https:\/\/branno-teuta.net\/index.php\/wp-json\/wp\/v2\/pages\/127","targetHints":{"allow":["GET"]}}],"collection":[{"href":"https:\/\/branno-teuta.net\/index.php\/wp-json\/wp\/v2\/pages"}],"about":[{"href":"https:\/\/branno-teuta.net\/index.php\/wp-json\/wp\/v2\/types\/page"}],"author":[{"embeddable":true,"href":"https:\/\/branno-teuta.net\/index.php\/wp-json\/wp\/v2\/users\/2"}],"replies":[{"embeddable":true,"href":"https:\/\/branno-teuta.net\/index.php\/wp-json\/wp\/v2\/comments?post=127"}],"version-history":[{"count":11,"href":"https:\/\/branno-teuta.net\/index.php\/wp-json\/wp\/v2\/pages\/127\/revisions"}],"predecessor-version":[{"id":325,"href":"https:\/\/branno-teuta.net\/index.php\/wp-json\/wp\/v2\/pages\/127\/revisions\/325"}],"up":[{"embeddable":true,"href":"https:\/\/branno-teuta.net\/index.php\/wp-json\/wp\/v2\/pages\/34"}],"wp:attachment":[{"href":"https:\/\/branno-teuta.net\/index.php\/wp-json\/wp\/v2\/media?parent=127"}],"curies":[{"name":"wp","href":"https:\/\/api.w.org\/{rel}","templated":true}]}}