{"id":197,"date":"2025-01-22T04:09:18","date_gmt":"2025-01-22T03:09:18","guid":{"rendered":"https:\/\/branno-teuta.net\/?page_id=197"},"modified":"2025-03-06T16:07:34","modified_gmt":"2025-03-06T15:07:34","slug":"art-cuilinaire","status":"publish","type":"page","link":"https:\/\/branno-teuta.net\/index.php\/ateliers-presentes\/art-cuilinaire\/","title":{"rendered":"Art cuilinaire"},"content":{"rendered":"\n<div class=\"wp-block-media-text alignwide is-stacked-on-mobile is-vertically-aligned-center is-image-fill-element has-background\" style=\"background-color:#ffffff99\"><figure class=\"wp-block-media-text__media\"><img loading=\"lazy\" decoding=\"async\" width=\"1024\" height=\"683\" src=\"http:\/\/branno-teuta.net\/wp-content\/uploads\/2024\/12\/cuisine-1024x683.png\" alt=\"\" class=\"wp-image-85 size-full\" style=\"object-position:50% 50%\" srcset=\"https:\/\/branno-teuta.net\/wp-content\/uploads\/2024\/12\/cuisine-1024x683.png 1024w, https:\/\/branno-teuta.net\/wp-content\/uploads\/2024\/12\/cuisine-300x200.png 300w, https:\/\/branno-teuta.net\/wp-content\/uploads\/2024\/12\/cuisine-768x512.png 768w, https:\/\/branno-teuta.net\/wp-content\/uploads\/2024\/12\/cuisine-1536x1024.png 1536w, https:\/\/branno-teuta.net\/wp-content\/uploads\/2024\/12\/cuisine-2048x1365.png 2048w, https:\/\/branno-teuta.net\/wp-content\/uploads\/2024\/12\/cuisine-1200x800.png 1200w, https:\/\/branno-teuta.net\/wp-content\/uploads\/2024\/12\/cuisine-1980x1320.png 1980w\" sizes=\"auto, (max-width: 1024px) 100vw, 1024px\" \/><\/figure><div class=\"wp-block-media-text__content\">\n<p>Nous ne disposons pas de sources pr\u00e9cises sur les diff\u00e9rents mets et recettes possibles cuisin\u00e9s par les Gaulois au Second \u00c2ge du Fer.<\/p>\n\n\n\n<p>Cependant de nombreux faisceaux d&#8217;indices permettent de construire une diversit\u00e9 alimentaire relativement vaste et riche en nutriments et en go\u00fbts, notamment gr\u00e2ce \u00e0 l&#8217;arch\u00e9ologie (les ustensiles, les restes carbonis\u00e9s (les caramels), les graines et les pollens), les t\u00e9moignages de voyageurs contemporains et l&#8217;\u00e9thymologie.<\/p>\n\n\n\n<p>Notons que l&#8217;alimentation est particuli\u00e8rement d\u00e9pendante de la situation g\u00e9ographique et climatique, de la situation \u00e9conomique locale et voisine ainsi que des m\u00e9thodes agricoles locales.<\/p>\n\n\n\n<p>\u25c4 <strong>Cr\u00e9dits photo<\/strong><br>@elyo.gw<\/p>\n<\/div><\/div>\n\n\n\n<div class=\"wp-block-media-text alignwide has-media-on-the-right is-stacked-on-mobile is-vertically-aligned-center is-image-fill-element has-background\" style=\"background-color:#ffffff99\"><div class=\"wp-block-media-text__content\">\n<p>L&#8217;arch\u00e9ologie nous montre un ensemble d&#8217;ustensils d\u00e9di\u00e9s \u00e0 la cuisine, la pr\u00e9paration, la conservation et la cuisson des aliments.<\/p>\n\n\n\n<p class=\"has-text-align-left\">La pr\u00e9sence de couteaux de grande taille retrouv\u00e9s en milieu domestique peut indiquer par exemple l&#8217;utilisation de ces couteaux pour la cuisine et la boucherie.<\/p>\n\n\n\n<p class=\"has-text-align-left\">Les pots en terre, chaudrons en m\u00e9tal, grilles, crochets \u00e0 viande, louches et tisonniers donnent des indices sur les m\u00e9thodes de cuisson connues qui pourraient etre principalement des recettes bouillies.<\/p>\n\n\n\n<p>Les trous \u00e0 silo, creus\u00e9s \u00e0 m\u00eame le sol, indiquent quant \u00e0 eux des techniques de conservation et pourquoi pas de fermentation.<\/p>\n\n\n\n<p class=\"has-text-align-right\"><strong>Faisselles gauloises \u25ba<\/strong><br><em>Le fromage en Gaule \u00e0 l\u2019\u00e2ge du Fer et \u00e0 l\u2019\u00e9poque romaine<\/em> &#8211; Alain Ferdi\u00e8re et Jean-Marc S\u00e9guier<br><a href=\"https:\/\/doi.org\/10.4000\/gallia.5248\">https:\/\/doi.org\/10.4000\/gallia.5248<\/a><\/p>\n<\/div><figure class=\"wp-block-media-text__media\"><img loading=\"lazy\" decoding=\"async\" width=\"834\" height=\"628\" src=\"http:\/\/branno-teuta.net\/wp-content\/uploads\/2025\/01\/faisselles_gauloises.png\" alt=\"\" class=\"wp-image-206 size-full\" style=\"object-position:11% 47%\" srcset=\"https:\/\/branno-teuta.net\/wp-content\/uploads\/2025\/01\/faisselles_gauloises.png 834w, https:\/\/branno-teuta.net\/wp-content\/uploads\/2025\/01\/faisselles_gauloises-300x226.png 300w, https:\/\/branno-teuta.net\/wp-content\/uploads\/2025\/01\/faisselles_gauloises-768x578.png 768w\" sizes=\"auto, (max-width: 834px) 100vw, 834px\" \/><\/figure><\/div>\n\n\n\n<div class=\"wp-block-media-text alignwide is-stacked-on-mobile is-vertically-aligned-center has-background\" style=\"background-color:#ffffff99\"><figure class=\"wp-block-media-text__media\"><img loading=\"lazy\" decoding=\"async\" width=\"1024\" height=\"503\" src=\"http:\/\/branno-teuta.net\/wp-content\/uploads\/2025\/01\/Vercingetorix-statere-1024x503.png\" alt=\"\" class=\"wp-image-208 size-full\" srcset=\"https:\/\/branno-teuta.net\/wp-content\/uploads\/2025\/01\/Vercingetorix-statere-1024x503.png 1024w, https:\/\/branno-teuta.net\/wp-content\/uploads\/2025\/01\/Vercingetorix-statere-300x147.png 300w, https:\/\/branno-teuta.net\/wp-content\/uploads\/2025\/01\/Vercingetorix-statere-768x378.png 768w, https:\/\/branno-teuta.net\/wp-content\/uploads\/2025\/01\/Vercingetorix-statere-1200x590.png 1200w, https:\/\/branno-teuta.net\/wp-content\/uploads\/2025\/01\/Vercingetorix-statere.png 1489w\" sizes=\"auto, (max-width: 1024px) 100vw, 1024px\" \/><\/figure><div class=\"wp-block-media-text__content\">\n<p>La fermentation est une technique de conservation et d&#8217;alimentation connue depuis le N\u00e9olithique et les cultures lat\u00e9niennes n&#8217;y \u00e9chappent pas.<\/p>\n\n\n\n<p class=\"has-text-align-left\">Qu&#8217;il s&#8217;agisse de fromage (production locale), de cervoise (production locale) ou de vin (importation), les aliments et boissons \u00e0 base de fermentation sont tr\u00e8s pr\u00e9sents.<\/p>\n\n\n\n<p>Notons par exemple la forte pr\u00e9sence de tessons d&#8217;amphores de vin romain dans les d\u00e9chets gaulois, y compris pendant la guerre des Gaules, des stat\u00e8res repr\u00e9sentant Vercingetorix c\u00f4t\u00e9 face et un cheval et une amphore romaine c\u00f4t\u00e9 pile.<\/p>\n\n\n\n<p><strong>\u25c4<\/strong> <strong>Stat\u00e8re d\u2019or (7,43 g.) , 52 av. J.-C. , MMA inv. Gauloises 3774<\/strong><br><a href=\"https:\/\/antiquitebnf.hypotheses.org\/8733\/vercingetorix-pour-image-du-mois\">https:\/\/antiquitebnf.hypotheses.org\/8733\/vercingetorix-pour-image-du-mois<\/a><\/p>\n<\/div><\/div>\n\n\n\n<div class=\"wp-block-media-text alignwide has-media-on-the-right is-stacked-on-mobile is-vertically-aligned-center is-image-fill-element has-background\" style=\"background-color:#ffffff99\"><div class=\"wp-block-media-text__content\">\n<p>Nous pr\u00e9parons nos repas sur ces bases arch\u00e9ologiques et historiques en \u00e9laborant des recettes cuisin\u00e9es avec des ustensils reconstitu\u00e9s que nous pr\u00e9sentons au public.<\/p>\n\n\n\n<p>L&#8217;alimentation est l&#8217;occasion d&#8217;aborder beaucoup d&#8217;autres sujets influents comme le commerce, la g\u00e9opolitique, les \u00e9changes culturels et l&#8217;agriculture. La cuisine et la table sont des sujets centraux qui permettent ensuite d&#8217;introduire d&#8217;autres ateliers, de la religion au travail de la peau.<\/p>\n\n\n\n<p class=\"has-text-align-right\"><strong>Cr\u00e9dits photo<\/strong> \u25ba<br>@elyo.gw<\/p>\n<\/div><figure class=\"wp-block-media-text__media\"><img loading=\"lazy\" decoding=\"async\" width=\"1024\" height=\"683\" src=\"http:\/\/branno-teuta.net\/wp-content\/uploads\/2025\/01\/oignons-1024x683.png\" alt=\"\" class=\"wp-image-221 size-full\" style=\"object-position:50% 50%\" srcset=\"https:\/\/branno-teuta.net\/wp-content\/uploads\/2025\/01\/oignons-1024x683.png 1024w, https:\/\/branno-teuta.net\/wp-content\/uploads\/2025\/01\/oignons-300x200.png 300w, https:\/\/branno-teuta.net\/wp-content\/uploads\/2025\/01\/oignons-768x512.png 768w, https:\/\/branno-teuta.net\/wp-content\/uploads\/2025\/01\/oignons-1536x1024.png 1536w, https:\/\/branno-teuta.net\/wp-content\/uploads\/2025\/01\/oignons-1200x800.png 1200w, https:\/\/branno-teuta.net\/wp-content\/uploads\/2025\/01\/oignons-1980x1320.png 1980w, https:\/\/branno-teuta.net\/wp-content\/uploads\/2025\/01\/oignons.png 2048w\" sizes=\"auto, (max-width: 1024px) 100vw, 1024px\" \/><\/figure><\/div>\n\n\n\n<h2 class=\"wp-block-heading alignwide has-text-align-center\">Quelques recettes test\u00e9es et approuv\u00e9es<\/h2>\n\n\n\n<figure class=\"wp-block-gallery alignwide has-nested-images columns-default wp-block-gallery-1 is-layout-flex wp-block-gallery-is-layout-flex\">\n<figure data-wp-context=\"{&quot;imageId&quot;:&quot;69e021a8120d9&quot;}\" data-wp-interactive=\"core\/image\" data-wp-key=\"69e021a8120d9\" class=\"wp-block-image size-large is-style-default wp-lightbox-container\"><img loading=\"lazy\" decoding=\"async\" width=\"1024\" height=\"683\" data-wp-class--hide=\"state.isContentHidden\" data-wp-class--show=\"state.isContentVisible\" data-wp-init=\"callbacks.setButtonStyles\" data-wp-on--click=\"actions.showLightbox\" data-wp-on--load=\"callbacks.setButtonStyles\" data-wp-on-window--resize=\"callbacks.setButtonStyles\" data-id=\"85\" src=\"https:\/\/branno-teuta.net\/wp-content\/uploads\/2024\/12\/cuisine-1024x683.png\" alt=\"\" class=\"wp-image-85\" srcset=\"https:\/\/branno-teuta.net\/wp-content\/uploads\/2024\/12\/cuisine-1024x683.png 1024w, https:\/\/branno-teuta.net\/wp-content\/uploads\/2024\/12\/cuisine-300x200.png 300w, https:\/\/branno-teuta.net\/wp-content\/uploads\/2024\/12\/cuisine-768x512.png 768w, https:\/\/branno-teuta.net\/wp-content\/uploads\/2024\/12\/cuisine-1536x1024.png 1536w, https:\/\/branno-teuta.net\/wp-content\/uploads\/2024\/12\/cuisine-2048x1365.png 2048w, https:\/\/branno-teuta.net\/wp-content\/uploads\/2024\/12\/cuisine-1200x800.png 1200w, https:\/\/branno-teuta.net\/wp-content\/uploads\/2024\/12\/cuisine-1980x1320.png 1980w\" sizes=\"auto, (max-width: 1024px) 100vw, 1024px\" \/><button\n\t\t\tclass=\"lightbox-trigger\"\n\t\t\ttype=\"button\"\n\t\t\taria-haspopup=\"dialog\"\n\t\t\taria-label=\"Enlarge\"\n\t\t\tdata-wp-init=\"callbacks.initTriggerButton\"\n\t\t\tdata-wp-on--click=\"actions.showLightbox\"\n\t\t\tdata-wp-style--right=\"state.imageButtonRight\"\n\t\t\tdata-wp-style--top=\"state.imageButtonTop\"\n\t\t>\n\t\t\t<svg xmlns=\"http:\/\/www.w3.org\/2000\/svg\" width=\"12\" height=\"12\" fill=\"none\" viewBox=\"0 0 12 12\">\n\t\t\t\t<path fill=\"#fff\" d=\"M2 0a2 2 0 0 0-2 2v2h1.5V2a.5.5 0 0 1 .5-.5h2V0H2Zm2 10.5H2a.5.5 0 0 1-.5-.5V8H0v2a2 2 0 0 0 2 2h2v-1.5ZM8 12v-1.5h2a.5.5 0 0 0 .5-.5V8H12v2a2 2 0 0 1-2 2H8Zm2-12a2 2 0 0 1 2 2v2h-1.5V2a.5.5 0 0 0-.5-.5H8V0h2Z\" \/>\n\t\t\t<\/svg>\n\t\t<\/button><figcaption class=\"wp-element-caption\">Pommes au cidre et au miel<\/figcaption><\/figure>\n\n\n\n<figure data-wp-context=\"{&quot;imageId&quot;:&quot;69e021a8125eb&quot;}\" data-wp-interactive=\"core\/image\" data-wp-key=\"69e021a8125eb\" class=\"wp-block-image size-full wp-lightbox-container\"><img loading=\"lazy\" decoding=\"async\" width=\"512\" height=\"512\" data-wp-class--hide=\"state.isContentHidden\" data-wp-class--show=\"state.isContentVisible\" data-wp-init=\"callbacks.setButtonStyles\" data-wp-on--click=\"actions.showLightbox\" data-wp-on--load=\"callbacks.setButtonStyles\" data-wp-on-window--resize=\"callbacks.setButtonStyles\" data-id=\"52\" src=\"https:\/\/branno-teuta.net\/wp-content\/uploads\/2024\/12\/cropped-logo-1.jpg\" alt=\"\" class=\"wp-image-52\" srcset=\"https:\/\/branno-teuta.net\/wp-content\/uploads\/2024\/12\/cropped-logo-1.jpg 512w, https:\/\/branno-teuta.net\/wp-content\/uploads\/2024\/12\/cropped-logo-1-300x300.jpg 300w, https:\/\/branno-teuta.net\/wp-content\/uploads\/2024\/12\/cropped-logo-1-150x150.jpg 150w, https:\/\/branno-teuta.net\/wp-content\/uploads\/2024\/12\/cropped-logo-1-270x270.jpg 270w, https:\/\/branno-teuta.net\/wp-content\/uploads\/2024\/12\/cropped-logo-1-192x192.jpg 192w, https:\/\/branno-teuta.net\/wp-content\/uploads\/2024\/12\/cropped-logo-1-180x180.jpg 180w, https:\/\/branno-teuta.net\/wp-content\/uploads\/2024\/12\/cropped-logo-1-32x32.jpg 32w\" sizes=\"auto, (max-width: 512px) 100vw, 512px\" \/><button\n\t\t\tclass=\"lightbox-trigger\"\n\t\t\ttype=\"button\"\n\t\t\taria-haspopup=\"dialog\"\n\t\t\taria-label=\"Enlarge\"\n\t\t\tdata-wp-init=\"callbacks.initTriggerButton\"\n\t\t\tdata-wp-on--click=\"actions.showLightbox\"\n\t\t\tdata-wp-style--right=\"state.imageButtonRight\"\n\t\t\tdata-wp-style--top=\"state.imageButtonTop\"\n\t\t>\n\t\t\t<svg xmlns=\"http:\/\/www.w3.org\/2000\/svg\" width=\"12\" height=\"12\" fill=\"none\" viewBox=\"0 0 12 12\">\n\t\t\t\t<path fill=\"#fff\" d=\"M2 0a2 2 0 0 0-2 2v2h1.5V2a.5.5 0 0 1 .5-.5h2V0H2Zm2 10.5H2a.5.5 0 0 1-.5-.5V8H0v2a2 2 0 0 0 2 2h2v-1.5ZM8 12v-1.5h2a.5.5 0 0 0 .5-.5V8H12v2a2 2 0 0 1-2 2H8Zm2-12a2 2 0 0 1 2 2v2h-1.5V2a.5.5 0 0 0-.5-.5H8V0h2Z\" \/>\n\t\t\t<\/svg>\n\t\t<\/button><figcaption class=\"wp-element-caption\">Poulet au cidre<\/figcaption><\/figure>\n\n\n\n<figure data-wp-context=\"{&quot;imageId&quot;:&quot;69e021a812b91&quot;}\" data-wp-interactive=\"core\/image\" data-wp-key=\"69e021a812b91\" class=\"wp-block-image size-large wp-lightbox-container\"><img loading=\"lazy\" decoding=\"async\" width=\"1024\" height=\"683\" data-wp-class--hide=\"state.isContentHidden\" data-wp-class--show=\"state.isContentVisible\" data-wp-init=\"callbacks.setButtonStyles\" data-wp-on--click=\"actions.showLightbox\" data-wp-on--load=\"callbacks.setButtonStyles\" data-wp-on-window--resize=\"callbacks.setButtonStyles\" data-id=\"221\" src=\"https:\/\/branno-teuta.net\/wp-content\/uploads\/2025\/01\/oignons-1024x683.png\" alt=\"\" class=\"wp-image-221\" srcset=\"https:\/\/branno-teuta.net\/wp-content\/uploads\/2025\/01\/oignons-1024x683.png 1024w, https:\/\/branno-teuta.net\/wp-content\/uploads\/2025\/01\/oignons-300x200.png 300w, https:\/\/branno-teuta.net\/wp-content\/uploads\/2025\/01\/oignons-768x512.png 768w, https:\/\/branno-teuta.net\/wp-content\/uploads\/2025\/01\/oignons-1536x1024.png 1536w, https:\/\/branno-teuta.net\/wp-content\/uploads\/2025\/01\/oignons-1200x800.png 1200w, https:\/\/branno-teuta.net\/wp-content\/uploads\/2025\/01\/oignons-1980x1320.png 1980w, https:\/\/branno-teuta.net\/wp-content\/uploads\/2025\/01\/oignons.png 2048w\" sizes=\"auto, (max-width: 1024px) 100vw, 1024px\" \/><button\n\t\t\tclass=\"lightbox-trigger\"\n\t\t\ttype=\"button\"\n\t\t\taria-haspopup=\"dialog\"\n\t\t\taria-label=\"Enlarge\"\n\t\t\tdata-wp-init=\"callbacks.initTriggerButton\"\n\t\t\tdata-wp-on--click=\"actions.showLightbox\"\n\t\t\tdata-wp-style--right=\"state.imageButtonRight\"\n\t\t\tdata-wp-style--top=\"state.imageButtonTop\"\n\t\t>\n\t\t\t<svg xmlns=\"http:\/\/www.w3.org\/2000\/svg\" width=\"12\" height=\"12\" fill=\"none\" viewBox=\"0 0 12 12\">\n\t\t\t\t<path fill=\"#fff\" d=\"M2 0a2 2 0 0 0-2 2v2h1.5V2a.5.5 0 0 1 .5-.5h2V0H2Zm2 10.5H2a.5.5 0 0 1-.5-.5V8H0v2a2 2 0 0 0 2 2h2v-1.5ZM8 12v-1.5h2a.5.5 0 0 0 .5-.5V8H12v2a2 2 0 0 1-2 2H8Zm2-12a2 2 0 0 1 2 2v2h-1.5V2a.5.5 0 0 0-.5-.5H8V0h2Z\" \/>\n\t\t\t<\/svg>\n\t\t<\/button><figcaption class=\"wp-element-caption\">Fromage aux herbes fraiches<\/figcaption><\/figure>\n<\/figure>\n","protected":false},"excerpt":{"rendered":"<p>Nous ne disposons pas de sources pr\u00e9cises sur les diff\u00e9rents mets et recettes possibles cuisin\u00e9s par les Gaulois au Second \u00c2ge du Fer. Cependant de nombreux faisceaux d&#8217;indices permettent de construire une diversit\u00e9 alimentaire relativement vaste et riche en nutriments et en go\u00fbts, notamment gr\u00e2ce \u00e0 l&#8217;arch\u00e9ologie (les ustensiles, les restes carbonis\u00e9s (les caramels), les [&hellip;]<\/p>\n","protected":false},"author":2,"featured_media":0,"parent":34,"menu_order":0,"comment_status":"closed","ping_status":"closed","template":"","meta":{"footnotes":""},"class_list":["post-197","page","type-page","status-publish","hentry"],"_links":{"self":[{"href":"https:\/\/branno-teuta.net\/index.php\/wp-json\/wp\/v2\/pages\/197","targetHints":{"allow":["GET"]}}],"collection":[{"href":"https:\/\/branno-teuta.net\/index.php\/wp-json\/wp\/v2\/pages"}],"about":[{"href":"https:\/\/branno-teuta.net\/index.php\/wp-json\/wp\/v2\/types\/page"}],"author":[{"embeddable":true,"href":"https:\/\/branno-teuta.net\/index.php\/wp-json\/wp\/v2\/users\/2"}],"replies":[{"embeddable":true,"href":"https:\/\/branno-teuta.net\/index.php\/wp-json\/wp\/v2\/comments?post=197"}],"version-history":[{"count":32,"href":"https:\/\/branno-teuta.net\/index.php\/wp-json\/wp\/v2\/pages\/197\/revisions"}],"predecessor-version":[{"id":322,"href":"https:\/\/branno-teuta.net\/index.php\/wp-json\/wp\/v2\/pages\/197\/revisions\/322"}],"up":[{"embeddable":true,"href":"https:\/\/branno-teuta.net\/index.php\/wp-json\/wp\/v2\/pages\/34"}],"wp:attachment":[{"href":"https:\/\/branno-teuta.net\/index.php\/wp-json\/wp\/v2\/media?parent=197"}],"curies":[{"name":"wp","href":"https:\/\/api.w.org\/{rel}","templated":true}]}}