{"id":293,"date":"2025-03-06T14:16:36","date_gmt":"2025-03-06T13:16:36","guid":{"rendered":"https:\/\/branno-teuta.net\/?page_id=293"},"modified":"2025-04-03T09:58:02","modified_gmt":"2025-04-03T07:58:02","slug":"poterie","status":"publish","type":"page","link":"https:\/\/branno-teuta.net\/index.php\/ateliers-presentes\/poterie\/","title":{"rendered":"Poterie"},"content":{"rendered":"\n<div class=\"wp-block-media-text alignwide is-stacked-on-mobile has-background\" style=\"background-color:#ffffff99\"><figure class=\"wp-block-media-text__media\"><img loading=\"lazy\" decoding=\"async\" width=\"768\" height=\"1024\" src=\"https:\/\/branno-teuta.net\/wp-content\/uploads\/2025\/03\/20240818_124349-768x1024.jpg\" alt=\"\" class=\"wp-image-329 size-full\" srcset=\"https:\/\/branno-teuta.net\/wp-content\/uploads\/2025\/03\/20240818_124349-768x1024.jpg 768w, https:\/\/branno-teuta.net\/wp-content\/uploads\/2025\/03\/20240818_124349-225x300.jpg 225w, https:\/\/branno-teuta.net\/wp-content\/uploads\/2025\/03\/20240818_124349-1152x1536.jpg 1152w, https:\/\/branno-teuta.net\/wp-content\/uploads\/2025\/03\/20240818_124349-1536x2048.jpg 1536w, https:\/\/branno-teuta.net\/wp-content\/uploads\/2025\/03\/20240818_124349-1200x1600.jpg 1200w, https:\/\/branno-teuta.net\/wp-content\/uploads\/2025\/03\/20240818_124349-1980x2640.jpg 1980w, https:\/\/branno-teuta.net\/wp-content\/uploads\/2025\/03\/20240818_124349-scaled.jpg 1920w\" sizes=\"auto, (max-width: 768px) 100vw, 768px\" \/><\/figure><div class=\"wp-block-media-text__content\">\n<p>De par leur composition, les c\u00e9ramiques que l\u2019on retrouve lors de fouilles sont de merveilleux t\u00e9moignages des modes de vie, des \u00e9changes commerciaux et des modes d\u2019organisation des soci\u00e9t\u00e9s.<\/p>\n\n\n\n<p>La poterie \u00e0 l\u2019\u00e9poque gauloise a plusieurs utilit\u00e9s. Elle va servir \u00e0 la cuisson des aliments, \u00e0 leur conservation, \u00e0 leur consommation, \u00e0 titre d\u00e9coratif et cultuel.<\/p>\n\n\n\n<p>\u25c4 <strong>Ensemble de c\u00e9ramiques<\/strong><br>I<sup>er<\/sup> &#8211; III\u00e8me si\u00e8cle<br><a href=\"https:\/\/www.clermontmetropole.eu\/bouger-se-divertir\/le-dynamisme-culturel\/les-musees-de-clermont-auvergne-metropole\/musee-bargoin\/\">Mus\u00e9e Lat\u00e9nium<\/a><br>Le Landeron-Les Carougets, Suisse<\/p>\n<\/div><\/div>\n\n\n\n<div class=\"wp-block-media-text alignwide has-media-on-the-right is-stacked-on-mobile has-background\" style=\"background-color:#ffffff99\"><div class=\"wp-block-media-text__content\">\n<p>On retrouve de multitude de formes (vases, gobelets, amphores, plats, etc), de couleurs (rouge, jaune, noire, peinte), finitions (sigill\u00e9es) et d\u00e9cors (creus\u00e9s, ajout\u00e9s).<\/p>\n\n\n\n<p>La maitrise de la cuisson a permis de livrer par exemple des c\u00e9ramiques noires, un r\u00e9sultat obtenu par une cuisson en r\u00e9duction d\u2019oxyg\u00e8ne. On prive le four de celui-ci en le fermant herm\u00e9tiquement. L\u2019oxyg\u00e8ne contenu dans les poteries sera capt\u00e9 et r\u00e9duit. On peut ajouter \u00e0 ce proc\u00e9d\u00e9 un enfumage \u00e0 base de feuilles s\u00e9ch\u00e9es et on obtient des c\u00e9ramiques de couleur noire parfois m\u00e9tal\u00e9ssantes.<\/p>\n\n\n\n<p>Le fa\u00e7onnage, lui, est r\u00e9alis\u00e9 par diff\u00e9rentes techniques, colombins, plaques, moulages, tournages et tournassages. Cela sera en fonction de la p\u00e9riode et de la localisation. Avec la romanisation, la c\u00e9ramique sera de plus en plus tourn\u00e9e dans des centres de potiers.<\/p>\n\n\n\n<p class=\"has-text-align-right has-normal-font-size\"><strong>R\u00e9cipients en terre cuite<\/strong> \u25ba<br>1<sup>er<\/sup> si\u00e8cle a.n.e<br><a href=\"https:\/\/musee-archeologienationale.fr\/\"><\/a><a href=\"https:\/\/www.musee-prehistoire-idf.fr\/fr\">Mus\u00e9e de Pr\u00e9histoire \u00cele-de-France<\/a><br>Champlan<\/p>\n<\/div><figure class=\"wp-block-media-text__media\"><img loading=\"lazy\" decoding=\"async\" width=\"576\" height=\"1024\" src=\"https:\/\/branno-teuta.net\/wp-content\/uploads\/2025\/03\/20221015_162218-576x1024.jpg\" alt=\"\" class=\"wp-image-331 size-full\" srcset=\"https:\/\/branno-teuta.net\/wp-content\/uploads\/2025\/03\/20221015_162218-576x1024.jpg 576w, https:\/\/branno-teuta.net\/wp-content\/uploads\/2025\/03\/20221015_162218-169x300.jpg 169w, https:\/\/branno-teuta.net\/wp-content\/uploads\/2025\/03\/20221015_162218-768x1365.jpg 768w, https:\/\/branno-teuta.net\/wp-content\/uploads\/2025\/03\/20221015_162218-864x1536.jpg 864w, https:\/\/branno-teuta.net\/wp-content\/uploads\/2025\/03\/20221015_162218-1152x2048.jpg 1152w, https:\/\/branno-teuta.net\/wp-content\/uploads\/2025\/03\/20221015_162218-1200x2133.jpg 1200w, https:\/\/branno-teuta.net\/wp-content\/uploads\/2025\/03\/20221015_162218-rotated.jpg 1440w\" sizes=\"auto, (max-width: 576px) 100vw, 576px\" \/><\/figure><\/div>\n\n\n\n<div class=\"wp-block-media-text alignwide is-stacked-on-mobile has-background\" style=\"background-color:#ffffff99\"><figure class=\"wp-block-media-text__media\"><img loading=\"lazy\" decoding=\"async\" width=\"768\" height=\"1024\" src=\"https:\/\/branno-teuta.net\/wp-content\/uploads\/2025\/03\/20250303_155802-768x1024.jpg\" alt=\"\" class=\"wp-image-330 size-full\" srcset=\"https:\/\/branno-teuta.net\/wp-content\/uploads\/2025\/03\/20250303_155802-768x1024.jpg 768w, https:\/\/branno-teuta.net\/wp-content\/uploads\/2025\/03\/20250303_155802-225x300.jpg 225w, https:\/\/branno-teuta.net\/wp-content\/uploads\/2025\/03\/20250303_155802-1152x1536.jpg 1152w, https:\/\/branno-teuta.net\/wp-content\/uploads\/2025\/03\/20250303_155802-1536x2048.jpg 1536w, https:\/\/branno-teuta.net\/wp-content\/uploads\/2025\/03\/20250303_155802-1200x1600.jpg 1200w, https:\/\/branno-teuta.net\/wp-content\/uploads\/2025\/03\/20250303_155802-1980x2640.jpg 1980w, https:\/\/branno-teuta.net\/wp-content\/uploads\/2025\/03\/20250303_155802-scaled.jpg 1920w\" sizes=\"auto, (max-width: 768px) 100vw, 768px\" \/><\/figure><div class=\"wp-block-media-text__content\">\n<p>L\u2019analyse des r\u00e9sidus retrouv\u00e9s au fond des r\u00e9cipients (caramels)  permet de d\u00e9terminer ce qui \u00e9tait consomm\u00e9 \u00e0 cette p\u00e9riode de la Protohistoire.<\/p>\n\n\n\n<p>On assiste \u00e0 des \u00e9changes commerciaux importants. En t\u00e9moigne les multitudes d\u2019amphores romaines retrouv\u00e9es jusqu\u2019\u00e0 l\u2019actuelle Angleterre. Elles \u00e9taient utilis\u00e9es pour le commerce de vin, d\u2019olives et d\u2019huile.<\/p>\n\n\n\n<p>\u25c4 <strong>Amphore \u00e0 vin romaine<\/strong><br>Fin du II<sup>\u00e8me<\/sup> si\u00e8cle a.n.e<br><a href=\"https:\/\/www.museedenon.com\/\" data-type=\"link\" data-id=\"https:\/\/www.museedenon.com\/\">Mus\u00e9e Vivant Denon<\/a><br>Verdun-sur-le-Doubs<\/p>\n<\/div><\/div>\n\n\n\n<div class=\"wp-block-media-text alignwide has-media-on-the-right is-stacked-on-mobile has-background\" style=\"background-color:#ffffff99\"><div class=\"wp-block-media-text__content\">\n<p class=\"has-text-align-left\"><br>A la Branno Teuta nous essayons de reproduire les techniques et les formes. Nous nous effor\u00e7ons de pr\u00e9senter un mat\u00e9riel coh\u00e9rent avec l\u2019\u00e9poque que nous pr\u00e9sentons (du III<sup>\u00e8me<\/sup> au I<sup>er<\/sup> avant l&#8217;\u00e8re chr\u00e9tienne). <\/p>\n\n\n\n<p><strong>Reproduction d&#8217;une c\u00e9ramique peinte \u00e0 d\u00e9cor zoomorphe du site les &#8220;Guignons&#8221;<\/strong> \u25ba<br>II<sup>\u00e8me<\/sup> &#8211; I<sup>er<\/sup> si\u00e8cles a.n.e<a href=\"https:\/\/www.persee.fr\/doc\/racf_0220-6617_1997_num_36_1_2759\" data-type=\"link\" data-id=\"https:\/\/www.persee.fr\/doc\/racf_0220-6617_1997_num_36_1_2759\"><br><em>La c\u00e9ramique peinte d&#8217;un habitat de la T\u00e8ne finale : les &#8220;Guignons&#8221; \u00e0 Nanterre (Hauts-de-Seine)<\/em> &#8211; Pasquier, Iliana<\/a><br>Nanterre<br><br>Reproduction de <a href=\"https:\/\/figvlina.sitew.fr\/\">Figulina<\/a><\/p>\n<\/div><figure class=\"wp-block-media-text__media\"><img loading=\"lazy\" decoding=\"async\" width=\"637\" height=\"615\" src=\"https:\/\/branno-teuta.net\/wp-content\/uploads\/2025\/03\/vase-repro-1.png\" alt=\"\" class=\"wp-image-332 size-full\" srcset=\"https:\/\/branno-teuta.net\/wp-content\/uploads\/2025\/03\/vase-repro-1.png 637w, https:\/\/branno-teuta.net\/wp-content\/uploads\/2025\/03\/vase-repro-1-300x290.png 300w\" sizes=\"auto, (max-width: 637px) 100vw, 637px\" \/><\/figure><\/div>\n","protected":false},"excerpt":{"rendered":"<p>De par leur composition, les c\u00e9ramiques que l\u2019on retrouve lors de fouilles sont de merveilleux t\u00e9moignages des modes de vie, des \u00e9changes commerciaux et des modes d\u2019organisation des soci\u00e9t\u00e9s. La poterie \u00e0 l\u2019\u00e9poque gauloise a plusieurs utilit\u00e9s. Elle va servir \u00e0 la cuisson des aliments, \u00e0 leur conservation, \u00e0 leur consommation, \u00e0 titre d\u00e9coratif et [&hellip;]<\/p>\n","protected":false},"author":2,"featured_media":0,"parent":34,"menu_order":0,"comment_status":"closed","ping_status":"closed","template":"","meta":{"footnotes":""},"class_list":["post-293","page","type-page","status-publish","hentry"],"_links":{"self":[{"href":"https:\/\/branno-teuta.net\/index.php\/wp-json\/wp\/v2\/pages\/293","targetHints":{"allow":["GET"]}}],"collection":[{"href":"https:\/\/branno-teuta.net\/index.php\/wp-json\/wp\/v2\/pages"}],"about":[{"href":"https:\/\/branno-teuta.net\/index.php\/wp-json\/wp\/v2\/types\/page"}],"author":[{"embeddable":true,"href":"https:\/\/branno-teuta.net\/index.php\/wp-json\/wp\/v2\/users\/2"}],"replies":[{"embeddable":true,"href":"https:\/\/branno-teuta.net\/index.php\/wp-json\/wp\/v2\/comments?post=293"}],"version-history":[{"count":29,"href":"https:\/\/branno-teuta.net\/index.php\/wp-json\/wp\/v2\/pages\/293\/revisions"}],"predecessor-version":[{"id":345,"href":"https:\/\/branno-teuta.net\/index.php\/wp-json\/wp\/v2\/pages\/293\/revisions\/345"}],"up":[{"embeddable":true,"href":"https:\/\/branno-teuta.net\/index.php\/wp-json\/wp\/v2\/pages\/34"}],"wp:attachment":[{"href":"https:\/\/branno-teuta.net\/index.php\/wp-json\/wp\/v2\/media?parent=293"}],"curies":[{"name":"wp","href":"https:\/\/api.w.org\/{rel}","templated":true}]}}