{"id":34,"date":"2024-12-04T14:46:32","date_gmt":"2024-12-04T13:46:32","guid":{"rendered":"https:\/\/branno-teuta.net\/?page_id=34"},"modified":"2025-03-06T14:17:34","modified_gmt":"2025-03-06T13:17:34","slug":"ateliers-presentes","status":"publish","type":"page","link":"https:\/\/branno-teuta.net\/index.php\/ateliers-presentes\/","title":{"rendered":"Ateliers pr\u00e9sent\u00e9s"},"content":{"rendered":"\n<p class=\"has-background\" style=\"background-color:#ffffff99\">La <strong>Branno Teuta<\/strong> travaille sur des ateliers manuels et des sujets socio-culturels des Celtes de Gaule du 2nd Age du Fer.<br><br>Ces sujets sont abord\u00e9s de fa\u00e7on p\u00e9dagogique montrant diff\u00e9rents arts et aspects culturels allant de la cuisine et la mode vestimentaire \u00e0 la religion et l&#8217;art de la guerre, les relations politiques et l&#8217;inscription du monde celtique dans l&#8217;Antiquit\u00e9.<\/p>\n\n\n\n<div class=\"wp-block-media-text alignwide is-stacked-on-mobile is-image-fill-element has-background has-normal-font-size\" style=\"background-color:#ffffff99\"><figure class=\"wp-block-media-text__media\"><a href=\"https:\/\/branno-teuta.net\/index.php\/ateliers-presentes\/art-cuilinaire\/\"><img loading=\"lazy\" decoding=\"async\" width=\"300\" height=\"200\" src=\"https:\/\/branno-teuta.net\/wp-content\/uploads\/2024\/12\/cuisine-300x200.png\" alt=\"\" class=\"wp-image-85 size-medium\" style=\"object-position:50% 50%\" srcset=\"https:\/\/branno-teuta.net\/wp-content\/uploads\/2024\/12\/cuisine-300x200.png 300w, https:\/\/branno-teuta.net\/wp-content\/uploads\/2024\/12\/cuisine-1024x683.png 1024w, https:\/\/branno-teuta.net\/wp-content\/uploads\/2024\/12\/cuisine-768x512.png 768w, https:\/\/branno-teuta.net\/wp-content\/uploads\/2024\/12\/cuisine-1536x1024.png 1536w, https:\/\/branno-teuta.net\/wp-content\/uploads\/2024\/12\/cuisine-2048x1365.png 2048w, https:\/\/branno-teuta.net\/wp-content\/uploads\/2024\/12\/cuisine-1200x800.png 1200w, https:\/\/branno-teuta.net\/wp-content\/uploads\/2024\/12\/cuisine-1980x1320.png 1980w\" sizes=\"auto, (max-width: 300px) 100vw, 300px\" \/><\/a><\/figure><div class=\"wp-block-media-text__content\">\n<p><strong>Art cuilinaire<\/strong><br>Gr\u00e2ce aux \u00e9tudes des restes animaux et v\u00e9g\u00e9taux, nous pouvons concocter de savoureux repas historiques.<\/p>\n<\/div><\/div>\n\n\n\n<div class=\"wp-block-media-text alignwide has-media-on-the-right is-stacked-on-mobile is-image-fill-element has-background\" style=\"background-color:#ffffff99\"><div class=\"wp-block-media-text__content\">\n<p><strong>Art de la guerre<\/strong><br>De nombreuses armes ont \u00e9t\u00e9 retrouv\u00e9es, l&#8217;\u00e9tude de leur technologie et l&#8217;approche martiale permettent de comprendre les enjeux g\u00e9opolitiques et les \u00e9v\u00e8nements de la p\u00e9riode.<\/p>\n<\/div><figure class=\"wp-block-media-text__media\"><a href=\"https:\/\/branno-teuta.net\/index.php\/ateliers-presentes\/art-de-la-guerre\/\"><img loading=\"lazy\" decoding=\"async\" width=\"1024\" height=\"768\" src=\"http:\/\/branno-teuta.net\/wp-content\/uploads\/2024\/12\/armement-1024x768.jpg\" alt=\"\" class=\"wp-image-77 size-full\" style=\"object-position:59% 66%\" srcset=\"https:\/\/branno-teuta.net\/wp-content\/uploads\/2024\/12\/armement-1024x768.jpg 1024w, https:\/\/branno-teuta.net\/wp-content\/uploads\/2024\/12\/armement-300x225.jpg 300w, https:\/\/branno-teuta.net\/wp-content\/uploads\/2024\/12\/armement-768x576.jpg 768w, https:\/\/branno-teuta.net\/wp-content\/uploads\/2024\/12\/armement-1536x1152.jpg 1536w, https:\/\/branno-teuta.net\/wp-content\/uploads\/2024\/12\/armement-2048x1536.jpg 2048w, https:\/\/branno-teuta.net\/wp-content\/uploads\/2024\/12\/armement-1200x900.jpg 1200w, https:\/\/branno-teuta.net\/wp-content\/uploads\/2024\/12\/armement-1980x1485.jpg 1980w\" sizes=\"auto, (max-width: 1024px) 100vw, 1024px\" \/><\/a><\/figure><\/div>\n\n\n\n<div class=\"wp-block-media-text alignwide is-stacked-on-mobile is-image-fill-element has-background\" style=\"background-color:#ffffff99\"><figure class=\"wp-block-media-text__media\"><img loading=\"lazy\" decoding=\"async\" width=\"1024\" height=\"416\" src=\"http:\/\/branno-teuta.net\/wp-content\/uploads\/2024\/12\/forge-scaled-e1734103487776-1024x416.jpg\" alt=\"\" class=\"wp-image-82 size-full\" style=\"object-position:50% 50%\" srcset=\"https:\/\/branno-teuta.net\/wp-content\/uploads\/2024\/12\/forge-scaled-e1734103487776-1024x416.jpg 1024w, https:\/\/branno-teuta.net\/wp-content\/uploads\/2024\/12\/forge-scaled-e1734103487776-300x122.jpg 300w, https:\/\/branno-teuta.net\/wp-content\/uploads\/2024\/12\/forge-scaled-e1734103487776-768x312.jpg 768w, https:\/\/branno-teuta.net\/wp-content\/uploads\/2024\/12\/forge-scaled-e1734103487776-1536x624.jpg 1536w, https:\/\/branno-teuta.net\/wp-content\/uploads\/2024\/12\/forge-scaled-e1734103487776-2048x832.jpg 2048w, https:\/\/branno-teuta.net\/wp-content\/uploads\/2024\/12\/forge-scaled-e1734103487776-1200x488.jpg 1200w, https:\/\/branno-teuta.net\/wp-content\/uploads\/2024\/12\/forge-scaled-e1734103487776-1980x804.jpg 1980w\" sizes=\"auto, (max-width: 1024px) 100vw, 1024px\" \/><\/figure><div class=\"wp-block-media-text__content\">\n<p><strong>Forge et travail du fer<\/strong><br>Les m\u00e9thodes d&#8217;extraction du minerai de fer et de forge s&#8217;am\u00e9liorent tout au long de l&#8217;\u00e2ge du fer au point que ce m\u00e9tal, au d\u00e9but pr\u00e9cieux, sera utilis\u00e9 aussi bien pour les objets de prestige que pour la quincaillerie (agrafes, clous, araires, fibules).<br>Ces aspects et techniques sont abord\u00e9s par les artisants.<\/p>\n<\/div><\/div>\n\n\n\n<div class=\"wp-block-media-text alignwide has-media-on-the-right is-stacked-on-mobile is-image-fill-element has-background\" style=\"background-color:#ffffff99\"><div class=\"wp-block-media-text__content\">\n<p><strong>Bois et menuiserie<\/strong><br>Le bois est la mati\u00e8re organique dont les traces et les vestiges sont les plus retrouv\u00e9es. De la construction de maison, aux boucliers en passant par la vaisselle et l&#8217;ameublement, les outils de menuiserie et leur utilisation sont pr\u00e9sent\u00e9s en d\u00e9monstration.<\/p>\n<\/div><figure class=\"wp-block-media-text__media\"><img loading=\"lazy\" decoding=\"async\" width=\"989\" height=\"1024\" src=\"http:\/\/branno-teuta.net\/wp-content\/uploads\/2024\/12\/bois-e1734103526433-989x1024.jpg\" alt=\"\" class=\"wp-image-78 size-full\" style=\"object-position:50% 50%\" srcset=\"https:\/\/branno-teuta.net\/wp-content\/uploads\/2024\/12\/bois-e1734103526433-989x1024.jpg 989w, https:\/\/branno-teuta.net\/wp-content\/uploads\/2024\/12\/bois-e1734103526433-290x300.jpg 290w, https:\/\/branno-teuta.net\/wp-content\/uploads\/2024\/12\/bois-e1734103526433-768x795.jpg 768w, https:\/\/branno-teuta.net\/wp-content\/uploads\/2024\/12\/bois-e1734103526433-1200x1242.jpg 1200w, https:\/\/branno-teuta.net\/wp-content\/uploads\/2024\/12\/bois-e1734103526433.jpg 1365w\" sizes=\"auto, (max-width: 989px) 100vw, 989px\" \/><\/figure><\/div>\n\n\n\n<div class=\"wp-block-media-text alignwide is-stacked-on-mobile is-image-fill-element has-background\" style=\"background-color:#ffffff99\"><figure class=\"wp-block-media-text__media\"><a href=\"https:\/\/branno-teuta.net\/index.php\/ateliers-presentes\/poterie\/\"><img loading=\"lazy\" decoding=\"async\" width=\"1024\" height=\"398\" src=\"http:\/\/branno-teuta.net\/wp-content\/uploads\/2024\/12\/poterie-e1734103429665-1024x398.jpg\" alt=\"\" class=\"wp-image-106 size-full\" style=\"object-position:50% 50%\" srcset=\"https:\/\/branno-teuta.net\/wp-content\/uploads\/2024\/12\/poterie-e1734103429665-1024x398.jpg 1024w, https:\/\/branno-teuta.net\/wp-content\/uploads\/2024\/12\/poterie-e1734103429665-300x117.jpg 300w, https:\/\/branno-teuta.net\/wp-content\/uploads\/2024\/12\/poterie-e1734103429665-768x299.jpg 768w, https:\/\/branno-teuta.net\/wp-content\/uploads\/2024\/12\/poterie-e1734103429665.jpg 1080w\" sizes=\"auto, (max-width: 1024px) 100vw, 1024px\" \/><\/a><\/figure><div class=\"wp-block-media-text__content\">\n<p><strong>Poterie<\/strong><br>Les celtes ont montr\u00e9 une grande vari\u00e9t\u00e9 d&#8217;objets en terre argileuse certains m\u00eame cr\u00e9ant des modes comme le gobelet tonnelet Carnute.<br>Nous pr\u00e9sentons la confection de reproductions de ces objets par le modelage, la d\u00e9coration et la cuisson.<\/p>\n<\/div><\/div>\n\n\n\n<div class=\"wp-block-media-text alignwide has-media-on-the-right is-stacked-on-mobile is-image-fill-element has-background\" style=\"background-color:#ffffff99\"><div class=\"wp-block-media-text__content\">\n<p><strong>Joaillerie<\/strong><br>De tr\u00e8s riches parures ont pu \u00eatre retrouv\u00e9es dans beaucoup de tombes, bagues, bracelets, bijoux de chevilles, torques, et fibules.<\/p>\n<\/div><figure class=\"wp-block-media-text__media\"><img loading=\"lazy\" decoding=\"async\" width=\"1024\" height=\"524\" src=\"http:\/\/branno-teuta.net\/wp-content\/uploads\/2024\/12\/Marle-Atelier-bijouterie-scaled-e1734103366705-1024x524.jpg\" alt=\"\" class=\"wp-image-116 size-full\" style=\"object-position:50% 50%\" srcset=\"https:\/\/branno-teuta.net\/wp-content\/uploads\/2024\/12\/Marle-Atelier-bijouterie-scaled-e1734103366705-1024x524.jpg 1024w, https:\/\/branno-teuta.net\/wp-content\/uploads\/2024\/12\/Marle-Atelier-bijouterie-scaled-e1734103366705-300x153.jpg 300w, https:\/\/branno-teuta.net\/wp-content\/uploads\/2024\/12\/Marle-Atelier-bijouterie-scaled-e1734103366705-768x393.jpg 768w, https:\/\/branno-teuta.net\/wp-content\/uploads\/2024\/12\/Marle-Atelier-bijouterie-scaled-e1734103366705-1536x786.jpg 1536w, https:\/\/branno-teuta.net\/wp-content\/uploads\/2024\/12\/Marle-Atelier-bijouterie-scaled-e1734103366705-1200x614.jpg 1200w, https:\/\/branno-teuta.net\/wp-content\/uploads\/2024\/12\/Marle-Atelier-bijouterie-scaled-e1734103366705.jpg 1818w\" sizes=\"auto, (max-width: 1024px) 100vw, 1024px\" \/><\/figure><\/div>\n\n\n\n<div class=\"wp-block-media-text alignwide is-stacked-on-mobile is-image-fill-element has-background\" style=\"background-color:#ffffff99\"><figure class=\"wp-block-media-text__media\"><img loading=\"lazy\" decoding=\"async\" width=\"1024\" height=\"380\" src=\"http:\/\/branno-teuta.net\/wp-content\/uploads\/2024\/12\/cuir-scaled-e1734103508571-1024x380.jpg\" alt=\"\" class=\"wp-image-81 size-full\" style=\"object-position:50% 50%\" srcset=\"https:\/\/branno-teuta.net\/wp-content\/uploads\/2024\/12\/cuir-scaled-e1734103508571-1024x380.jpg 1024w, https:\/\/branno-teuta.net\/wp-content\/uploads\/2024\/12\/cuir-scaled-e1734103508571-300x111.jpg 300w, https:\/\/branno-teuta.net\/wp-content\/uploads\/2024\/12\/cuir-scaled-e1734103508571-768x285.jpg 768w, https:\/\/branno-teuta.net\/wp-content\/uploads\/2024\/12\/cuir-scaled-e1734103508571-1536x570.jpg 1536w, https:\/\/branno-teuta.net\/wp-content\/uploads\/2024\/12\/cuir-scaled-e1734103508571-2048x760.jpg 2048w, https:\/\/branno-teuta.net\/wp-content\/uploads\/2024\/12\/cuir-scaled-e1734103508571-1200x445.jpg 1200w, https:\/\/branno-teuta.net\/wp-content\/uploads\/2024\/12\/cuir-scaled-e1734103508571-1980x735.jpg 1980w\" sizes=\"auto, (max-width: 1024px) 100vw, 1024px\" \/><\/figure><div class=\"wp-block-media-text__content\">\n<p><strong>Cuir et peaux<\/strong><br>Les preuves du travail des peaux animales se retrouvent dans les t\u00e9moignages de contemporains mais aussi dans les outils retrouv\u00e9s comme les al\u00e8nes et les tranchets. On retrouve aussi des traces de fourrure et des brogues et sacoches quand les conditions de conservation le permettent.<br>Les connaissances sont mises en pratique en d\u00e9monstration par les artisants.<\/p>\n<\/div><\/div>\n\n\n\n<div class=\"wp-block-media-text alignwide has-media-on-the-right is-stacked-on-mobile is-image-fill-element has-background\" style=\"background-color:#ffffff99\"><div class=\"wp-block-media-text__content\">\n<p><strong>Cultes et religion<\/strong><br>Il est ind\u00e9niable que les Celtes avaient des croyances et des rituels associ\u00e9s. Une grande quantit\u00e9 d&#8217;objets sacrifi\u00e9s et d&#8217;ossements animaux et humains sacrifi\u00e9s ont \u00e9t\u00e9 retrouv\u00e9s.<br>Certains \u00e9v\u00e8nements et nouvelles pratiques celtes peuvent ainsi s&#8217;expliquer par l&#8217;importance de la religion celte dans la culture lat\u00e9nienne.<br>Vous pourrez contempler le tr\u00e9sor de Tintignac dont nous avons reconstitu\u00e9 une infime partie.<\/p>\n<\/div><figure class=\"wp-block-media-text__media\"><img loading=\"lazy\" decoding=\"async\" width=\"768\" height=\"1024\" src=\"http:\/\/branno-teuta.net\/wp-content\/uploads\/2024\/12\/autel-768x1024.jpg\" alt=\"\" class=\"wp-image-95 size-full\" style=\"object-position:76% 39%\" srcset=\"https:\/\/branno-teuta.net\/wp-content\/uploads\/2024\/12\/autel-768x1024.jpg 768w, https:\/\/branno-teuta.net\/wp-content\/uploads\/2024\/12\/autel-225x300.jpg 225w, https:\/\/branno-teuta.net\/wp-content\/uploads\/2024\/12\/autel-1152x1536.jpg 1152w, https:\/\/branno-teuta.net\/wp-content\/uploads\/2024\/12\/autel-1536x2048.jpg 1536w, https:\/\/branno-teuta.net\/wp-content\/uploads\/2024\/12\/autel-1200x1600.jpg 1200w, https:\/\/branno-teuta.net\/wp-content\/uploads\/2024\/12\/autel-1980x2640.jpg 1980w, https:\/\/branno-teuta.net\/wp-content\/uploads\/2024\/12\/autel-scaled.jpg 1920w\" sizes=\"auto, (max-width: 768px) 100vw, 768px\" \/><\/figure><\/div>\n\n\n\n<div class=\"wp-block-media-text alignwide is-stacked-on-mobile is-image-fill-element has-background\" style=\"background-color:#ffffff99\"><figure class=\"wp-block-media-text__media\"><a href=\"https:\/\/branno-teuta.net\/index.php\/ateliers-presentes\/faire-ses-vetements\/\"><img loading=\"lazy\" decoding=\"async\" width=\"1024\" height=\"460\" src=\"http:\/\/branno-teuta.net\/wp-content\/uploads\/2024\/12\/Marle-Atelier-Tisserand-2-scaled-e1734103397353-1024x460.jpg\" alt=\"\" class=\"wp-image-115 size-full\" style=\"object-position:50% 50%\" srcset=\"https:\/\/branno-teuta.net\/wp-content\/uploads\/2024\/12\/Marle-Atelier-Tisserand-2-scaled-e1734103397353-1024x460.jpg 1024w, https:\/\/branno-teuta.net\/wp-content\/uploads\/2024\/12\/Marle-Atelier-Tisserand-2-scaled-e1734103397353-300x135.jpg 300w, https:\/\/branno-teuta.net\/wp-content\/uploads\/2024\/12\/Marle-Atelier-Tisserand-2-scaled-e1734103397353-768x345.jpg 768w, https:\/\/branno-teuta.net\/wp-content\/uploads\/2024\/12\/Marle-Atelier-Tisserand-2-scaled-e1734103397353-1536x690.jpg 1536w, https:\/\/branno-teuta.net\/wp-content\/uploads\/2024\/12\/Marle-Atelier-Tisserand-2-scaled-e1734103397353-1200x539.jpg 1200w, https:\/\/branno-teuta.net\/wp-content\/uploads\/2024\/12\/Marle-Atelier-Tisserand-2-scaled-e1734103397353.jpg 1920w\" sizes=\"auto, (max-width: 1024px) 100vw, 1024px\" \/><\/a><\/figure><div class=\"wp-block-media-text__content\">\n<p><strong>Tissage<\/strong><br>Comment survivre \u00e0 l&#8217;Hiver sans une belle laine teint\u00e9e ?<br>Les tisserands et tisserandes proposent une d\u00e9monstration de tissage de plusieurs techniques connues de la p\u00e9riode de par les outils retrouv\u00e9s, les gravures ainsi que des fragments conserv\u00e9s.<\/p>\n<\/div><\/div>\n\n\n\n<div class=\"wp-block-media-text alignwide has-media-on-the-right is-stacked-on-mobile has-background\" style=\"background-color:#ffffff99\"><div class=\"wp-block-media-text__content\">\n<p><strong>Vannerie<\/strong><br>Le tressage de fibres v\u00e9g\u00e9tales est connu depuis au moins le N\u00e9olithique et malgr\u00e9 la difficult\u00e9 de conservation, on peut trouver des traces de tressage notamment dans la conception de b\u00e2timents et de murs en torchis.<\/p>\n<\/div><figure class=\"wp-block-media-text__media\"><\/figure><\/div>\n","protected":false},"excerpt":{"rendered":"<p>La Branno Teuta travaille sur des ateliers manuels et des sujets socio-culturels des Celtes de Gaule du 2nd Age du Fer. Ces sujets sont abord\u00e9s de fa\u00e7on p\u00e9dagogique montrant diff\u00e9rents arts et aspects culturels allant de la cuisine et la mode vestimentaire \u00e0 la religion et l&#8217;art de la guerre, les relations politiques et l&#8217;inscription [&hellip;]<\/p>\n","protected":false},"author":1,"featured_media":97,"parent":0,"menu_order":0,"comment_status":"closed","ping_status":"closed","template":"","meta":{"footnotes":""},"class_list":["post-34","page","type-page","status-publish","has-post-thumbnail","hentry"],"_links":{"self":[{"href":"https:\/\/branno-teuta.net\/index.php\/wp-json\/wp\/v2\/pages\/34","targetHints":{"allow":["GET"]}}],"collection":[{"href":"https:\/\/branno-teuta.net\/index.php\/wp-json\/wp\/v2\/pages"}],"about":[{"href":"https:\/\/branno-teuta.net\/index.php\/wp-json\/wp\/v2\/types\/page"}],"author":[{"embeddable":true,"href":"https:\/\/branno-teuta.net\/index.php\/wp-json\/wp\/v2\/users\/1"}],"replies":[{"embeddable":true,"href":"https:\/\/branno-teuta.net\/index.php\/wp-json\/wp\/v2\/comments?post=34"}],"version-history":[{"count":25,"href":"https:\/\/branno-teuta.net\/index.php\/wp-json\/wp\/v2\/pages\/34\/revisions"}],"predecessor-version":[{"id":295,"href":"https:\/\/branno-teuta.net\/index.php\/wp-json\/wp\/v2\/pages\/34\/revisions\/295"}],"wp:featuredmedia":[{"embeddable":true,"href":"https:\/\/branno-teuta.net\/index.php\/wp-json\/wp\/v2\/media\/97"}],"wp:attachment":[{"href":"https:\/\/branno-teuta.net\/index.php\/wp-json\/wp\/v2\/media?parent=34"}],"curies":[{"name":"wp","href":"https:\/\/api.w.org\/{rel}","templated":true}]}}